{"id":392,"date":"2015-09-22T08:48:04","date_gmt":"2015-09-22T08:48:04","guid":{"rendered":"http:\/\/www.grandhotellhornan.com\/?page_id=392&#038;lang=en"},"modified":"2019-11-29T13:39:16","modified_gmt":"2019-11-29T13:39:16","slug":"start-page","status":"publish","type":"page","link":"https:\/\/www.grandhotellhornan.com\/en\/","title":{"rendered":"Start page"},"content":{"rendered":"<p>Built in 1907 and newly renovated in 2013, the illustrious Grand Hotell H\u00f6rnan is an ornament to the heart of Uppsala and has been the setting for key events in the history of the city for more than a century. The four-star hotel enjoys a central location and provides a magnificent view out over the castle, the cathedral and the banks of Fyris\u00e5n river. Stay close to shops and restaurants, as well as the coach and central railway station.<\/p>\n","protected":false},"excerpt":{"rendered":"<p>Built in 1907 and newly renovated in 2013, the illustrious Grand Hotell H\u00f6rnan is an ornament to the heart of Uppsala and has been the setting for key events in the history of the city for more than a century. The four-star hotel enjoys a central location and provides a magnificent view out over the [&hellip;]<\/p>\n","protected":false},"author":1,"featured_media":959,"parent":0,"menu_order":0,"comment_status":"open","ping_status":"open","template":"front-page.php","meta":{"_links_to":"","_links_to_target":""},"acf":[],"yoast_head":"<!-- This site is optimized with the Yoast SEO plugin v20.13 - https:\/\/yoast.com\/wordpress\/plugins\/seo\/ -->\n<title>Start page - Grand Hotell H\u00f6rnan<\/title>\n<meta name=\"robots\" content=\"index, follow, max-snippet:-1, max-image-preview:large, max-video-preview:-1\" \/>\n<link rel=\"canonical\" href=\"https:\/\/grandhotellhornan.com\/en\/\" \/>\n<meta property=\"og:locale\" content=\"en_US\" \/>\n<meta property=\"og:type\" content=\"article\" \/>\n<meta property=\"og:title\" content=\"Start page - Grand Hotell H\u00f6rnan\" \/>\n<meta property=\"og:description\" content=\"Built in 1907 and newly renovated in 2013, the illustrious Grand Hotell H\u00f6rnan is an ornament to the heart of Uppsala and has been the setting for key events in the history of the city for more than a century. The four-star hotel enjoys a central location and provides a magnificent view out over the [&hellip;]\" \/>\n<meta property=\"og:url\" content=\"https:\/\/grandhotellhornan.com\/en\/\" \/>\n<meta property=\"og:site_name\" content=\"Grand Hotell H\u00f6rnan\" \/>\n<meta property=\"article:modified_time\" content=\"2019-11-29T13:39:16+00:00\" \/>\n<meta property=\"og:image\" content=\"https:\/\/grandhotellhornan.com\/content\/uploads\/2019\/11\/header_bild.jpg\" \/>\n\t<meta property=\"og:image:width\" content=\"2560\" \/>\n\t<meta property=\"og:image:height\" content=\"780\" \/>\n\t<meta property=\"og:image:type\" content=\"image\/jpeg\" \/>\n<meta name=\"twitter:card\" content=\"summary_large_image\" \/>\n<script type=\"application\/ld+json\" class=\"yoast-schema-graph\">{\"@context\":\"https:\/\/schema.org\",\"@graph\":[{\"@type\":\"WebPage\",\"@id\":\"https:\/\/grandhotellhornan.com\/en\/\",\"url\":\"https:\/\/grandhotellhornan.com\/en\/\",\"name\":\"Start page - Grand Hotell H\u00f6rnan\",\"isPartOf\":{\"@id\":\"https:\/\/grandhotellhornan.com\/#website\"},\"datePublished\":\"2015-09-22T08:48:04+00:00\",\"dateModified\":\"2019-11-29T13:39:16+00:00\",\"breadcrumb\":{\"@id\":\"https:\/\/grandhotellhornan.com\/en\/#breadcrumb\"},\"inLanguage\":\"en-US\",\"potentialAction\":[{\"@type\":\"ReadAction\",\"target\":[\"https:\/\/grandhotellhornan.com\/en\/\"]}]},{\"@type\":\"BreadcrumbList\",\"@id\":\"https:\/\/grandhotellhornan.com\/en\/#breadcrumb\",\"itemListElement\":[{\"@type\":\"ListItem\",\"position\":1,\"name\":\"Hem\",\"item\":\"https:\/\/grandhotellhornan.com\/en\/\"},{\"@type\":\"ListItem\",\"position\":2,\"name\":\"Start page\"}]},{\"@type\":\"WebSite\",\"@id\":\"https:\/\/grandhotellhornan.com\/#website\",\"url\":\"https:\/\/grandhotellhornan.com\/\",\"name\":\"Grand Hotell H\u00f6rnan\",\"description\":\"Ett anrikt hotell mitt i hj\u00e4rtat av Uppsala n\u00e4ra flygbuss och j\u00e4rnv\u00e4gsstation, med utsikt \u00f6ver sev\u00e4rdheter som Domkyrkan och Slottet.\",\"potentialAction\":[{\"@type\":\"SearchAction\",\"target\":{\"@type\":\"EntryPoint\",\"urlTemplate\":\"https:\/\/grandhotellhornan.com\/?s={search_term_string}\"},\"query-input\":\"required name=search_term_string\"}],\"inLanguage\":\"en-US\"}]}<\/script>\n<!-- \/ Yoast SEO plugin. -->","yoast_head_json":{"title":"Start page - Grand Hotell H\u00f6rnan","robots":{"index":"index","follow":"follow","max-snippet":"max-snippet:-1","max-image-preview":"max-image-preview:large","max-video-preview":"max-video-preview:-1"},"canonical":"https:\/\/grandhotellhornan.com\/en\/","og_locale":"en_US","og_type":"article","og_title":"Start page - Grand Hotell H\u00f6rnan","og_description":"Built in 1907 and newly renovated in 2013, the illustrious Grand Hotell H\u00f6rnan is an ornament to the heart of Uppsala and has been the setting for key events in the history of the city for more than a century. The four-star hotel enjoys a central location and provides a magnificent view out over the [&hellip;]","og_url":"https:\/\/grandhotellhornan.com\/en\/","og_site_name":"Grand Hotell H\u00f6rnan","article_modified_time":"2019-11-29T13:39:16+00:00","og_image":[{"width":2560,"height":780,"url":"https:\/\/grandhotellhornan.com\/content\/uploads\/2019\/11\/header_bild.jpg","type":"image\/jpeg"}],"twitter_card":"summary_large_image","schema":{"@context":"https:\/\/schema.org","@graph":[{"@type":"WebPage","@id":"https:\/\/grandhotellhornan.com\/en\/","url":"https:\/\/grandhotellhornan.com\/en\/","name":"Start page - Grand Hotell H\u00f6rnan","isPartOf":{"@id":"https:\/\/grandhotellhornan.com\/#website"},"datePublished":"2015-09-22T08:48:04+00:00","dateModified":"2019-11-29T13:39:16+00:00","breadcrumb":{"@id":"https:\/\/grandhotellhornan.com\/en\/#breadcrumb"},"inLanguage":"en-US","potentialAction":[{"@type":"ReadAction","target":["https:\/\/grandhotellhornan.com\/en\/"]}]},{"@type":"BreadcrumbList","@id":"https:\/\/grandhotellhornan.com\/en\/#breadcrumb","itemListElement":[{"@type":"ListItem","position":1,"name":"Hem","item":"https:\/\/grandhotellhornan.com\/en\/"},{"@type":"ListItem","position":2,"name":"Start page"}]},{"@type":"WebSite","@id":"https:\/\/grandhotellhornan.com\/#website","url":"https:\/\/grandhotellhornan.com\/","name":"Grand Hotell H\u00f6rnan","description":"Ett anrikt hotell mitt i hj\u00e4rtat av Uppsala n\u00e4ra flygbuss och j\u00e4rnv\u00e4gsstation, med utsikt \u00f6ver sev\u00e4rdheter som Domkyrkan och Slottet.","potentialAction":[{"@type":"SearchAction","target":{"@type":"EntryPoint","urlTemplate":"https:\/\/grandhotellhornan.com\/?s={search_term_string}"},"query-input":"required name=search_term_string"}],"inLanguage":"en-US"}]}},"publishpress_future_action":{"enabled":false,"date":"1970-01-01 00:00:00","action":"","terms":[],"taxonomy":"","browser_timezone_offset":0},"_links":{"self":[{"href":"https:\/\/www.grandhotellhornan.com\/en\/wp-json\/wp\/v2\/pages\/392"}],"collection":[{"href":"https:\/\/www.grandhotellhornan.com\/en\/wp-json\/wp\/v2\/pages"}],"about":[{"href":"https:\/\/www.grandhotellhornan.com\/en\/wp-json\/wp\/v2\/types\/page"}],"author":[{"embeddable":true,"href":"https:\/\/www.grandhotellhornan.com\/en\/wp-json\/wp\/v2\/users\/1"}],"replies":[{"embeddable":true,"href":"https:\/\/www.grandhotellhornan.com\/en\/wp-json\/wp\/v2\/comments?post=392"}],"version-history":[{"count":2,"href":"https:\/\/www.grandhotellhornan.com\/en\/wp-json\/wp\/v2\/pages\/392\/revisions"}],"predecessor-version":[{"id":958,"href":"https:\/\/www.grandhotellhornan.com\/en\/wp-json\/wp\/v2\/pages\/392\/revisions\/958"}],"wp:featuredmedia":[{"embeddable":true,"href":"https:\/\/www.grandhotellhornan.com\/en\/wp-json\/wp\/v2\/media\/959"}],"wp:attachment":[{"href":"https:\/\/www.grandhotellhornan.com\/en\/wp-json\/wp\/v2\/media?parent=392"}],"curies":[{"name":"wp","href":"https:\/\/api.w.org\/{rel}","templated":true}]}}